{"id":11,"date":"2011-09-26T17:28:44","date_gmt":"2011-09-26T17:28:44","guid":{"rendered":"https:\/\/www.hoffmeister.com.br\/servicos-funerarios\/?page_id=11"},"modified":"2011-10-14T10:39:14","modified_gmt":"2011-10-14T13:39:14","slug":"convenios","status":"publish","type":"page","link":"https:\/\/www.hoffmeister.com.br\/planos\/convenios","title":{"rendered":"Conv\u00eanios"},"content":{"rendered":"<p>Verifique abaixo a Rede de Conv\u00eanios Hoffmeister<\/p>\n<p><strong>Importante<\/strong><\/p>\n<p>&#8211; Os conv\u00eanios especiais gratuitos oferecidos pelo Plano Hoffmeister, poder\u00e3o ser alterados, suspensos parciais ou totalmente, a qualquer momento vista tratar-se de mera liberalidade que n\u00e3o constitui a ess\u00eancia dos servi\u00e7os contratados.<\/p>\n<p>&#8211; Todas as consultas marcadas na \u00e1rea da Assist\u00eancia Sa\u00fade devem, obrigatoriamente, ser canceladas com no m\u00ednimo oito horas de anteced\u00eancia, para que outra pessoa possa ser atendida.<\/p>\n<p>&#8211; Essa p\u00e1gina ser\u00e1 atualizada quando da entrada de novos profissionais e empresas que passarem a integrar os conv\u00eanios da Hoffmeister Plano de Assist\u00eancia Familiar.<\/p>\n","protected":false},"excerpt":{"rendered":"<p>Verifique abaixo a Rede de Conv\u00eanios Hoffmeister Importante &#8211; Os conv\u00eanios especiais gratuitos oferecidos pelo Plano Hoffmeister, poder\u00e3o ser alterados, suspensos parciais ou totalmente, a qualquer momento vista tratar-se de mera liberalidade que n\u00e3o constitui a ess\u00eancia dos servi\u00e7os contratados.&nbsp;&hellip;<\/p>\n","protected":false},"author":1,"featured_media":0,"parent":0,"menu_order":5,"comment_status":"open","ping_status":"open","template":"","meta":[],"_links":{"self":[{"href":"https:\/\/www.hoffmeister.com.br\/planos\/wp-json\/wp\/v2\/pages\/11"}],"collection":[{"href":"https:\/\/www.hoffmeister.com.br\/planos\/wp-json\/wp\/v2\/pages"}],"about":[{"href":"https:\/\/www.hoffmeister.com.br\/planos\/wp-json\/wp\/v2\/types\/page"}],"author":[{"embeddable":true,"href":"https:\/\/www.hoffmeister.com.br\/planos\/wp-json\/wp\/v2\/users\/1"}],"replies":[{"embeddable":true,"href":"https:\/\/www.hoffmeister.com.br\/planos\/wp-json\/wp\/v2\/comments?post=11"}],"version-history":[{"count":8,"href":"https:\/\/www.hoffmeister.com.br\/planos\/wp-json\/wp\/v2\/pages\/11\/revisions"}],"predecessor-version":[{"id":113,"href":"https:\/\/www.hoffmeister.com.br\/planos\/wp-json\/wp\/v2\/pages\/11\/revisions\/113"}],"wp:attachment":[{"href":"https:\/\/www.hoffmeister.com.br\/planos\/wp-json\/wp\/v2\/media?parent=11"}],"curies":[{"name":"wp","href":"https:\/\/api.w.org\/{rel}","templated":true}]}}