{"id":15,"date":"2011-09-26T17:29:44","date_gmt":"2011-09-26T17:29:44","guid":{"rendered":"https:\/\/www.hoffmeister.com.br\/servicos-funerarios\/?page_id=15"},"modified":"2011-10-14T10:40:30","modified_gmt":"2011-10-14T13:40:30","slug":"solicite-uma-visita","status":"publish","type":"page","link":"https:\/\/www.hoffmeister.com.br\/planos\/solicite-uma-visita","title":{"rendered":"Solicite uma Visita"},"content":{"rendered":"<p>Seja um associado ou um conveniado. Solicite uma visita de um de nossos representantes para esclarecer suas d\u00favidas e conhecer melhor nossos servi\u00e7os.<\/p>\n<p>Preencha corretamente os campos abaixo, que em breve nossa equipe entrar\u00e1 em contato para o agendamento de sua visita.<\/p>\n<div class=\"wpcf7\" id=\"wpcf7-f75-p15-o1\"><form action=\"\/planos\/wp-json\/wp\/v2\/pages\/15#wpcf7-f75-p15-o1\" method=\"post\" class=\"wpcf7-form\">\n<div style=\"display: none;\">\n<input type=\"hidden\" name=\"_wpcf7\" value=\"75\" \/>\n<input type=\"hidden\" name=\"_wpcf7_version\" value=\"3.2\" \/>\n<input type=\"hidden\" name=\"_wpcf7_unit_tag\" value=\"wpcf7-f75-p15-o1\" \/>\n<input type=\"hidden\" name=\"_wpnonce\" value=\"d2ce004ae4\" \/>\n<\/div>\n<p><span class=\"wpcf7-form-control-wrap planos-nome\"><input type=\"text\" name=\"planos-nome\" value=\"Seu Nome\" class=\"wpcf7-form-control wpcf7-text\" size=\"40\" \/><\/span><br \/>\n<span class=\"wpcf7-form-control-wrap planos-mail\"><input type=\"text\" name=\"planos-mail\" value=\"Seu Email\" class=\"wpcf7-form-control wpcf7-text wpcf7-email wpcf7-validates-as-required wpcf7-validates-as-email\" size=\"40\" \/><\/span><br \/>\n<span class=\"wpcf7-form-control-wrap planos-fone\"><input type=\"text\" name=\"planos-fone\" value=\"Seu Telefone ou Celular\" class=\"wpcf7-form-control wpcf7-text wpcf7-validates-as-required\" size=\"40\" \/><\/span><br \/>\n<span class=\"wpcf7-form-control-wrap planos-end\"><input type=\"text\" name=\"planos-end\" value=\"Seu Endere\u00e7o\" class=\"wpcf7-form-control wpcf7-text\" size=\"40\" \/><\/span><\/p>\n<p><input type=\"submit\" value=\"Enviar\" class=\"wpcf7-form-control  wpcf7-submit\" \/><\/p>\n<div class=\"wpcf7-response-output wpcf7-display-none\"><\/div><\/form><\/div>\n","protected":false},"excerpt":{"rendered":"<p>Seja um associado ou um conveniado. Solicite uma visita de um de nossos representantes para esclarecer suas d\u00favidas e conhecer melhor nossos servi\u00e7os. Preencha corretamente os campos abaixo, que em breve nossa equipe entrar\u00e1 em contato para o agendamento de&nbsp;&hellip;<\/p>\n","protected":false},"author":1,"featured_media":0,"parent":0,"menu_order":8,"comment_status":"open","ping_status":"open","template":"","meta":[],"_links":{"self":[{"href":"https:\/\/www.hoffmeister.com.br\/planos\/wp-json\/wp\/v2\/pages\/15"}],"collection":[{"href":"https:\/\/www.hoffmeister.com.br\/planos\/wp-json\/wp\/v2\/pages"}],"about":[{"href":"https:\/\/www.hoffmeister.com.br\/planos\/wp-json\/wp\/v2\/types\/page"}],"author":[{"embeddable":true,"href":"https:\/\/www.hoffmeister.com.br\/planos\/wp-json\/wp\/v2\/users\/1"}],"replies":[{"embeddable":true,"href":"https:\/\/www.hoffmeister.com.br\/planos\/wp-json\/wp\/v2\/comments?post=15"}],"version-history":[{"count":5,"href":"https:\/\/www.hoffmeister.com.br\/planos\/wp-json\/wp\/v2\/pages\/15\/revisions"}],"predecessor-version":[{"id":76,"href":"https:\/\/www.hoffmeister.com.br\/planos\/wp-json\/wp\/v2\/pages\/15\/revisions\/76"}],"wp:attachment":[{"href":"https:\/\/www.hoffmeister.com.br\/planos\/wp-json\/wp\/v2\/media?parent=15"}],"curies":[{"name":"wp","href":"https:\/\/api.w.org\/{rel}","templated":true}]}}