{"id":5,"date":"2011-09-26T17:27:43","date_gmt":"2011-09-26T17:27:43","guid":{"rendered":"https:\/\/www.hoffmeister.com.br\/servicos-funerarios\/?page_id=5"},"modified":"2011-10-03T16:09:19","modified_gmt":"2011-10-03T19:09:19","slug":"plano-familiar","status":"publish","type":"page","link":"https:\/\/www.hoffmeister.com.br\/planos\/plano-familiar","title":{"rendered":"Plano Familiar"},"content":{"rendered":"<p>Traga seguran\u00e7a e preven\u00e7\u00e3o para voc\u00ea e sua fam\u00edlia. Fazendo o Plano de Assist\u00eancia Funeral Familiar Hoffmeister por um pequeno valor mensal voc\u00ea ter\u00e1 cobertura funeral completa para toda fam\u00edlia, al\u00e9m de contar com os melhores descontos em cl\u00ednicas m\u00e9dicas, odontol\u00f3gicas, farm\u00e1cias, laborat\u00f3rios, descontos no com\u00e9rcio como academias de gin\u00e1stica e revendedores de g\u00e1s, materiais ortop\u00e9dicos a pre\u00e7os populares e muito mais.<\/p>\n<p><a href=\"https:\/\/www.hoffmeister.com.br\/planos\/associe-se\"><img loading=\"lazy\" src=\"https:\/\/www.hoffmeister.com.br\/planos\/files\/2011\/09\/woman-chama-plano1.png\" alt=\"\" title=\"woman-chama-plano\" width=\"700\" height=\"200\" class=\"aligncenter size-full wp-image-104\" srcset=\"https:\/\/www.hoffmeister.com.br\/planos\/files\/2011\/09\/woman-chama-plano1.png 700w, https:\/\/www.hoffmeister.com.br\/planos\/files\/2011\/09\/woman-chama-plano1-300x85.png 300w\" sizes=\"(max-width: 700px) 100vw, 700px\" \/><\/a><\/p>\n<p><strong>Benefici\u00e1rios<\/strong><br \/>\nQuem pode fazer parte do plano?<br \/>\nTem direito ao plano o Titular (menos de 65 anos) e seu c\u00f4njuge ou Companheiro(a), filhos solteiros, pai, m\u00e3e, sogro e sogra.<\/p>\n","protected":false},"excerpt":{"rendered":"<p>Traga seguran\u00e7a e preven\u00e7\u00e3o para voc\u00ea e sua fam\u00edlia. Fazendo o Plano de Assist\u00eancia Funeral Familiar Hoffmeister por um pequeno valor mensal voc\u00ea ter\u00e1 cobertura funeral completa para toda fam\u00edlia, al\u00e9m de contar com os melhores descontos em cl\u00ednicas m\u00e9dicas,&nbsp;&hellip;<\/p>\n","protected":false},"author":1,"featured_media":0,"parent":0,"menu_order":2,"comment_status":"open","ping_status":"open","template":"","meta":[],"_links":{"self":[{"href":"https:\/\/www.hoffmeister.com.br\/planos\/wp-json\/wp\/v2\/pages\/5"}],"collection":[{"href":"https:\/\/www.hoffmeister.com.br\/planos\/wp-json\/wp\/v2\/pages"}],"about":[{"href":"https:\/\/www.hoffmeister.com.br\/planos\/wp-json\/wp\/v2\/types\/page"}],"author":[{"embeddable":true,"href":"https:\/\/www.hoffmeister.com.br\/planos\/wp-json\/wp\/v2\/users\/1"}],"replies":[{"embeddable":true,"href":"https:\/\/www.hoffmeister.com.br\/planos\/wp-json\/wp\/v2\/comments?post=5"}],"version-history":[{"count":9,"href":"https:\/\/www.hoffmeister.com.br\/planos\/wp-json\/wp\/v2\/pages\/5\/revisions"}],"predecessor-version":[{"id":90,"href":"https:\/\/www.hoffmeister.com.br\/planos\/wp-json\/wp\/v2\/pages\/5\/revisions\/90"}],"wp:attachment":[{"href":"https:\/\/www.hoffmeister.com.br\/planos\/wp-json\/wp\/v2\/media?parent=5"}],"curies":[{"name":"wp","href":"https:\/\/api.w.org\/{rel}","templated":true}]}}