{"id":9,"date":"2011-09-26T17:28:30","date_gmt":"2011-09-26T20:28:30","guid":{"rendered":"https:\/\/www.hoffmeister.com.br\/servicos-funerarios\/?page_id=9"},"modified":"2015-01-19T14:32:37","modified_gmt":"2015-01-19T17:32:37","slug":"plano-empresarial","status":"publish","type":"page","link":"https:\/\/www.hoffmeister.com.br\/planos\/plano-empresarial","title":{"rendered":"Plano Empresarial"},"content":{"rendered":"<p><strong>Plano ideal para Empresas, Sindicatos e Associa\u00e7\u00f5es.<\/strong><\/p>\n<p>Para atender ao crescente interesse por parte de empresas, sindicatos e associa\u00e7\u00f5es, a HOFFMEISTER ASSIST\u00caNCIA FAMILIAR desenvolveu um plano empresarial que oferece uma s\u00e9rie de benef\u00edcios a funcion\u00e1rios e associados, como in\u00fameras assist\u00eancias em vida e atendimento funer\u00e1rio 24 horas.<\/p>\n<p>Todo empres\u00e1rio sabe que funcion\u00e1rio satisfeito \u00e9 muito mais produtivo, o que torna a \u00e1rea de recursos humanos estrat\u00e9gica para o desenvolvimento dos neg\u00f3cios, com toda certeza, a grande preocupa\u00e7\u00e3o das pessoas \u00e9 com o seu bem estar e de sua fam\u00edlia. Por isso investir num plano personalizado que possa oferecer in\u00fameros benef\u00edcios para seus colaboradores \u00e9 fundamental.<\/p>\n<p>Com o Plano Empresarial Hoffmeister, atrav\u00e9s de um pequeno investimento mensal, voc\u00ea oferece a sua equipe e seus familiares um plano completo e de in\u00fameras vantagens que podem ser utilizadas no dia a dia, al\u00e9m de minimizar os transtornos e as responsabilidades quando da ocorr\u00eancia de um falecimento seja de funcion\u00e1rio ou associado.<\/p>\n<p>Entre em contato com a empresa ou solicite a visita de um de nossos representantes, e verifique qual a op\u00e7\u00e3o mais adequada a sua empresa, sindicato ou associa\u00e7\u00e3o.<\/p>\n<p><a href=\"https:\/\/www.hoffmeister.com.br\/planos\/associe-se\"><img loading=\"lazy\" class=\"aligncenter size-full wp-image-108\" src=\"https:\/\/www.hoffmeister.com.br\/planos\/files\/2011\/09\/woman-chama-plano-empresas.png\" alt=\"\" width=\"700\" height=\"200\" srcset=\"https:\/\/www.hoffmeister.com.br\/planos\/files\/2011\/09\/woman-chama-plano-empresas.png 700w, https:\/\/www.hoffmeister.com.br\/planos\/files\/2011\/09\/woman-chama-plano-empresas-300x85.png 300w\" sizes=\"(max-width: 700px) 100vw, 700px\" \/><\/a><\/p>\n","protected":false},"excerpt":{"rendered":"<p>Plano ideal para Empresas, Sindicatos e Associa\u00e7\u00f5es. Para atender ao crescente interesse por parte de empresas, sindicatos e associa\u00e7\u00f5es, a HOFFMEISTER ASSIST\u00caNCIA FAMILIAR desenvolveu um plano empresarial que oferece uma s\u00e9rie de benef\u00edcios a funcion\u00e1rios e associados, como in\u00fameras assist\u00eancias&nbsp;&hellip;<\/p>\n","protected":false},"author":1,"featured_media":0,"parent":0,"menu_order":4,"comment_status":"open","ping_status":"closed","template":"","meta":[],"_links":{"self":[{"href":"https:\/\/www.hoffmeister.com.br\/planos\/wp-json\/wp\/v2\/pages\/9"}],"collection":[{"href":"https:\/\/www.hoffmeister.com.br\/planos\/wp-json\/wp\/v2\/pages"}],"about":[{"href":"https:\/\/www.hoffmeister.com.br\/planos\/wp-json\/wp\/v2\/types\/page"}],"author":[{"embeddable":true,"href":"https:\/\/www.hoffmeister.com.br\/planos\/wp-json\/wp\/v2\/users\/1"}],"replies":[{"embeddable":true,"href":"https:\/\/www.hoffmeister.com.br\/planos\/wp-json\/wp\/v2\/comments?post=9"}],"version-history":[{"count":8,"href":"https:\/\/www.hoffmeister.com.br\/planos\/wp-json\/wp\/v2\/pages\/9\/revisions"}],"predecessor-version":[{"id":145,"href":"https:\/\/www.hoffmeister.com.br\/planos\/wp-json\/wp\/v2\/pages\/9\/revisions\/145"}],"wp:attachment":[{"href":"https:\/\/www.hoffmeister.com.br\/planos\/wp-json\/wp\/v2\/media?parent=9"}],"curies":[{"name":"wp","href":"https:\/\/api.w.org\/{rel}","templated":true}]}}