{"id":10,"date":"2011-09-29T17:33:31","date_gmt":"2011-09-29T20:33:31","guid":{"rendered":"https:\/\/www.hoffmeister.com.br\/servicos\/?page_id=10"},"modified":"2011-10-03T09:48:39","modified_gmt":"2011-10-03T12:48:39","slug":"equipe-de-atendimento","status":"publish","type":"page","link":"https:\/\/www.hoffmeister.com.br\/servicos\/equipe-de-atendimento","title":{"rendered":"Equipe de Atendimento"},"content":{"rendered":"<p>O principal diferencial em nossos servi\u00e7os \u00e9 o atendimento, atrav\u00e9s de r\u00edgidos princ\u00edpios \u00e9ticos, temos como principal objetivo que nossa equipe atue com responsabilidade e dignidade na presta\u00e7\u00e3o de servi\u00e7os. <\/p>\n<p>Para isso todos s\u00e3o preparados em treinamentos espec\u00edficos e em constante aperfei\u00e7oamento. Todos desempenham suas fun\u00e7\u00f5es uniformizados e devidamente identificados.<\/p>\n","protected":false},"excerpt":{"rendered":"<p>O principal diferencial em nossos servi\u00e7os \u00e9 o atendimento, atrav\u00e9s de r\u00edgidos princ\u00edpios \u00e9ticos, temos como principal objetivo que nossa equipe atue com responsabilidade e&nbsp;&hellip;<\/p>\n","protected":false},"author":1,"featured_media":45,"parent":0,"menu_order":2,"comment_status":"closed","ping_status":"closed","template":"","meta":[],"_links":{"self":[{"href":"https:\/\/www.hoffmeister.com.br\/servicos\/wp-json\/wp\/v2\/pages\/10"}],"collection":[{"href":"https:\/\/www.hoffmeister.com.br\/servicos\/wp-json\/wp\/v2\/pages"}],"about":[{"href":"https:\/\/www.hoffmeister.com.br\/servicos\/wp-json\/wp\/v2\/types\/page"}],"author":[{"embeddable":true,"href":"https:\/\/www.hoffmeister.com.br\/servicos\/wp-json\/wp\/v2\/users\/1"}],"replies":[{"embeddable":true,"href":"https:\/\/www.hoffmeister.com.br\/servicos\/wp-json\/wp\/v2\/comments?post=10"}],"version-history":[{"count":4,"href":"https:\/\/www.hoffmeister.com.br\/servicos\/wp-json\/wp\/v2\/pages\/10\/revisions"}],"predecessor-version":[{"id":112,"href":"https:\/\/www.hoffmeister.com.br\/servicos\/wp-json\/wp\/v2\/pages\/10\/revisions\/112"}],"wp:featuredmedia":[{"embeddable":true,"href":"https:\/\/www.hoffmeister.com.br\/servicos\/wp-json\/wp\/v2\/media\/45"}],"wp:attachment":[{"href":"https:\/\/www.hoffmeister.com.br\/servicos\/wp-json\/wp\/v2\/media?parent=10"}],"curies":[{"name":"wp","href":"https:\/\/api.w.org\/{rel}","templated":true}]}}