{"id":12,"date":"2011-09-29T17:33:50","date_gmt":"2011-09-29T20:33:50","guid":{"rendered":"https:\/\/www.hoffmeister.com.br\/servicos\/?page_id=12"},"modified":"2011-10-17T15:57:07","modified_gmt":"2011-10-17T18:57:07","slug":"sepultamento","status":"publish","type":"page","link":"https:\/\/www.hoffmeister.com.br\/servicos\/sepultamento","title":{"rendered":"Sepultamento"},"content":{"rendered":"<p>Nossa equipe est\u00e1 preparada para tomar todas as provid\u00eancias burocr\u00e1ticas com rela\u00e7\u00e3o a servi\u00e7os de sepultamento. Como contato para aquisi\u00e7\u00e3o, arrendamento ou abertura de jazigo. Entre outras necessidades espec\u00edficas.<\/p>\n","protected":false},"excerpt":{"rendered":"<p>Nossa equipe est\u00e1 preparada para tomar todas as provid\u00eancias burocr\u00e1ticas com rela\u00e7\u00e3o a servi\u00e7os de sepultamento. Como contato para aquisi\u00e7\u00e3o, arrendamento ou abertura de jazigo.&nbsp;&hellip;<\/p>\n","protected":false},"author":1,"featured_media":125,"parent":0,"menu_order":3,"comment_status":"closed","ping_status":"closed","template":"","meta":[],"_links":{"self":[{"href":"https:\/\/www.hoffmeister.com.br\/servicos\/wp-json\/wp\/v2\/pages\/12"}],"collection":[{"href":"https:\/\/www.hoffmeister.com.br\/servicos\/wp-json\/wp\/v2\/pages"}],"about":[{"href":"https:\/\/www.hoffmeister.com.br\/servicos\/wp-json\/wp\/v2\/types\/page"}],"author":[{"embeddable":true,"href":"https:\/\/www.hoffmeister.com.br\/servicos\/wp-json\/wp\/v2\/users\/1"}],"replies":[{"embeddable":true,"href":"https:\/\/www.hoffmeister.com.br\/servicos\/wp-json\/wp\/v2\/comments?post=12"}],"version-history":[{"count":5,"href":"https:\/\/www.hoffmeister.com.br\/servicos\/wp-json\/wp\/v2\/pages\/12\/revisions"}],"predecessor-version":[{"id":114,"href":"https:\/\/www.hoffmeister.com.br\/servicos\/wp-json\/wp\/v2\/pages\/12\/revisions\/114"}],"wp:featuredmedia":[{"embeddable":true,"href":"https:\/\/www.hoffmeister.com.br\/servicos\/wp-json\/wp\/v2\/media\/125"}],"wp:attachment":[{"href":"https:\/\/www.hoffmeister.com.br\/servicos\/wp-json\/wp\/v2\/media?parent=12"}],"curies":[{"name":"wp","href":"https:\/\/api.w.org\/{rel}","templated":true}]}}