{"id":16,"date":"2011-09-29T17:34:51","date_gmt":"2011-09-29T20:34:51","guid":{"rendered":"https:\/\/www.hoffmeister.com.br\/servicos\/?page_id=16"},"modified":"2011-10-03T09:49:21","modified_gmt":"2011-10-03T12:49:21","slug":"urnas","status":"publish","type":"page","link":"https:\/\/www.hoffmeister.com.br\/servicos\/urnas","title":{"rendered":"Urnas"},"content":{"rendered":"<p>Contamos com diversas op\u00e7\u00f5es e modelos de urnas mortu\u00e1rias justamente para se adequar a todas realidades t\u00e9cnicas e financeiras. Para isso possu\u00edmos um expositor completo com modelos das linhas Extra Luxo, Super Luxo, Luxo, B\u00e1sica e Urnas tipo Anjo.<\/p>\n","protected":false},"excerpt":{"rendered":"<p>Contamos com diversas op\u00e7\u00f5es e modelos de urnas mortu\u00e1rias justamente para se adequar a todas realidades t\u00e9cnicas e financeiras. Para isso possu\u00edmos um expositor completo&nbsp;&hellip;<\/p>\n","protected":false},"author":1,"featured_media":51,"parent":0,"menu_order":5,"comment_status":"closed","ping_status":"closed","template":"","meta":[],"_links":{"self":[{"href":"https:\/\/www.hoffmeister.com.br\/servicos\/wp-json\/wp\/v2\/pages\/16"}],"collection":[{"href":"https:\/\/www.hoffmeister.com.br\/servicos\/wp-json\/wp\/v2\/pages"}],"about":[{"href":"https:\/\/www.hoffmeister.com.br\/servicos\/wp-json\/wp\/v2\/types\/page"}],"author":[{"embeddable":true,"href":"https:\/\/www.hoffmeister.com.br\/servicos\/wp-json\/wp\/v2\/users\/1"}],"replies":[{"embeddable":true,"href":"https:\/\/www.hoffmeister.com.br\/servicos\/wp-json\/wp\/v2\/comments?post=16"}],"version-history":[{"count":3,"href":"https:\/\/www.hoffmeister.com.br\/servicos\/wp-json\/wp\/v2\/pages\/16\/revisions"}],"predecessor-version":[{"id":86,"href":"https:\/\/www.hoffmeister.com.br\/servicos\/wp-json\/wp\/v2\/pages\/16\/revisions\/86"}],"wp:featuredmedia":[{"embeddable":true,"href":"https:\/\/www.hoffmeister.com.br\/servicos\/wp-json\/wp\/v2\/media\/51"}],"wp:attachment":[{"href":"https:\/\/www.hoffmeister.com.br\/servicos\/wp-json\/wp\/v2\/media?parent=16"}],"curies":[{"name":"wp","href":"https:\/\/api.w.org\/{rel}","templated":true}]}}