{"id":164,"date":"2010-09-28T15:49:36","date_gmt":"2010-09-28T18:49:36","guid":{"rendered":"https:\/\/www.hoffmeister.com.br\/servicos\/?page_id=164"},"modified":"2015-04-05T13:56:35","modified_gmt":"2015-04-05T16:56:35","slug":"responsabilidade-ambiental","status":"publish","type":"page","link":"https:\/\/www.hoffmeister.com.br\/servicos\/responsabilidade-ambiental","title":{"rendered":"Resp. Ambiental"},"content":{"rendered":"<p>Atendendo\u00a0exig\u00eancias\u00a0da Anvisa, Conama e Vigil\u00e2ncia Sanit\u00e1ria\u00a0espec\u00edficas \u00e0s empresas do segmento funer\u00e1rio\u00a0com estrutura de Tanat\u00f3rio,\u00a0a\u00a0Hoffmeister Assistencia Familiar\u00a0conta em seu\u00a0departamento operacional\u00a0com\u00a0 Plano de Gerenciamento de Res\u00edduos de\u00a0Servi\u00e7os de Sa\u00fade (PGRSS), realizando\u00a0o descarte correto do lixo hospitalar gerado, al\u00e9m disso,\u00a0\u00a0possui Esta\u00e7\u00e3o de Tratamento de Efluentes L\u00edquidos e S\u00f3lidos, reduzindo assim dr\u00e1sticamente o passivo ambiental gerado durante o processo de Tanatopraxia.<\/p>\n<p><img loading=\"lazy\" class=\"aligncenter size-full wp-image-170\" src=\"https:\/\/www.hoffmeister.com.br\/servicos\/files\/2015\/03\/img-responsabilidade-ambiental.png\" alt=\"\" width=\"317\" height=\"202\" srcset=\"https:\/\/www.hoffmeister.com.br\/servicos\/files\/2015\/03\/img-responsabilidade-ambiental.png 317w, https:\/\/www.hoffmeister.com.br\/servicos\/files\/2015\/03\/img-responsabilidade-ambiental-300x191.png 300w\" sizes=\"(max-width: 317px) 100vw, 317px\" \/><\/p>\n","protected":false},"excerpt":{"rendered":"<p>Atendendo\u00a0exig\u00eancias\u00a0da Anvisa, Conama e Vigil\u00e2ncia Sanit\u00e1ria\u00a0espec\u00edficas \u00e0s empresas do segmento funer\u00e1rio\u00a0com estrutura de Tanat\u00f3rio,\u00a0a\u00a0Hoffmeister Assistencia Familiar\u00a0conta em seu\u00a0departamento operacional\u00a0com\u00a0 Plano de Gerenciamento de Res\u00edduos de\u00a0Servi\u00e7os&nbsp;&hellip;<\/p>\n","protected":false},"author":1,"featured_media":170,"parent":0,"menu_order":17,"comment_status":"closed","ping_status":"closed","template":"","meta":[],"_links":{"self":[{"href":"https:\/\/www.hoffmeister.com.br\/servicos\/wp-json\/wp\/v2\/pages\/164"}],"collection":[{"href":"https:\/\/www.hoffmeister.com.br\/servicos\/wp-json\/wp\/v2\/pages"}],"about":[{"href":"https:\/\/www.hoffmeister.com.br\/servicos\/wp-json\/wp\/v2\/types\/page"}],"author":[{"embeddable":true,"href":"https:\/\/www.hoffmeister.com.br\/servicos\/wp-json\/wp\/v2\/users\/1"}],"replies":[{"embeddable":true,"href":"https:\/\/www.hoffmeister.com.br\/servicos\/wp-json\/wp\/v2\/comments?post=164"}],"version-history":[{"count":15,"href":"https:\/\/www.hoffmeister.com.br\/servicos\/wp-json\/wp\/v2\/pages\/164\/revisions"}],"predecessor-version":[{"id":181,"href":"https:\/\/www.hoffmeister.com.br\/servicos\/wp-json\/wp\/v2\/pages\/164\/revisions\/181"}],"wp:featuredmedia":[{"embeddable":true,"href":"https:\/\/www.hoffmeister.com.br\/servicos\/wp-json\/wp\/v2\/media\/170"}],"wp:attachment":[{"href":"https:\/\/www.hoffmeister.com.br\/servicos\/wp-json\/wp\/v2\/media?parent=164"}],"curies":[{"name":"wp","href":"https:\/\/api.w.org\/{rel}","templated":true}]}}