{"id":20,"date":"2011-09-29T17:35:25","date_gmt":"2011-09-29T20:35:25","guid":{"rendered":"https:\/\/www.hoffmeister.com.br\/servicos\/?page_id=20"},"modified":"2012-04-26T14:31:57","modified_gmt":"2012-04-26T17:31:57","slug":"unidadesvelorios","status":"publish","type":"page","link":"https:\/\/www.hoffmeister.com.br\/servicos\/unidadesvelorios","title":{"rendered":"Unidades\/Vel\u00f3rios"},"content":{"rendered":"<p>Para contarmos com um atendimento qualificado, contamos com diversas unidades de vel\u00f3rios, que est\u00e3o localizadas estrategicamente para uma cobertura eficiente de nossa \u00e1rea de atua\u00e7\u00e3o.<\/p>\n","protected":false},"excerpt":{"rendered":"<p>Para contarmos com um atendimento qualificado, contamos com diversas unidades de vel\u00f3rios, que est\u00e3o localizadas estrategicamente para uma cobertura eficiente de nossa \u00e1rea de atua\u00e7\u00e3o.<\/p>\n","protected":false},"author":1,"featured_media":146,"parent":0,"menu_order":7,"comment_status":"closed","ping_status":"closed","template":"","meta":[],"_links":{"self":[{"href":"https:\/\/www.hoffmeister.com.br\/servicos\/wp-json\/wp\/v2\/pages\/20"}],"collection":[{"href":"https:\/\/www.hoffmeister.com.br\/servicos\/wp-json\/wp\/v2\/pages"}],"about":[{"href":"https:\/\/www.hoffmeister.com.br\/servicos\/wp-json\/wp\/v2\/types\/page"}],"author":[{"embeddable":true,"href":"https:\/\/www.hoffmeister.com.br\/servicos\/wp-json\/wp\/v2\/users\/1"}],"replies":[{"embeddable":true,"href":"https:\/\/www.hoffmeister.com.br\/servicos\/wp-json\/wp\/v2\/comments?post=20"}],"version-history":[{"count":5,"href":"https:\/\/www.hoffmeister.com.br\/servicos\/wp-json\/wp\/v2\/pages\/20\/revisions"}],"predecessor-version":[{"id":55,"href":"https:\/\/www.hoffmeister.com.br\/servicos\/wp-json\/wp\/v2\/pages\/20\/revisions\/55"}],"wp:featuredmedia":[{"embeddable":true,"href":"https:\/\/www.hoffmeister.com.br\/servicos\/wp-json\/wp\/v2\/media\/146"}],"wp:attachment":[{"href":"https:\/\/www.hoffmeister.com.br\/servicos\/wp-json\/wp\/v2\/media?parent=20"}],"curies":[{"name":"wp","href":"https:\/\/api.w.org\/{rel}","templated":true}]}}