{"id":22,"date":"2011-09-29T17:35:42","date_gmt":"2011-09-29T20:35:42","guid":{"rendered":"https:\/\/www.hoffmeister.com.br\/servicos\/?page_id=22"},"modified":"2011-10-03T10:01:19","modified_gmt":"2011-10-03T13:01:19","slug":"frota-de-veiculos","status":"publish","type":"page","link":"https:\/\/www.hoffmeister.com.br\/servicos\/frota-de-veiculos","title":{"rendered":"Frota de Ve\u00edculos"},"content":{"rendered":"<p>Disponibilizamos em nossa frota ve\u00edculos de \u00faltima gera\u00e7\u00e3o especialmente elaborados para o segmento funer\u00e1rio. Todos ve\u00edculos passam periodicamente por um r\u00edgido sistema de manuten\u00e7\u00e3o.<\/p>\n","protected":false},"excerpt":{"rendered":"<p>Disponibilizamos em nossa frota ve\u00edculos de \u00faltima gera\u00e7\u00e3o especialmente elaborados para o segmento funer\u00e1rio. Todos ve\u00edculos passam periodicamente por um r\u00edgido sistema de manuten\u00e7\u00e3o.<\/p>\n","protected":false},"author":1,"featured_media":59,"parent":0,"menu_order":8,"comment_status":"closed","ping_status":"closed","template":"","meta":[],"_links":{"self":[{"href":"https:\/\/www.hoffmeister.com.br\/servicos\/wp-json\/wp\/v2\/pages\/22"}],"collection":[{"href":"https:\/\/www.hoffmeister.com.br\/servicos\/wp-json\/wp\/v2\/pages"}],"about":[{"href":"https:\/\/www.hoffmeister.com.br\/servicos\/wp-json\/wp\/v2\/types\/page"}],"author":[{"embeddable":true,"href":"https:\/\/www.hoffmeister.com.br\/servicos\/wp-json\/wp\/v2\/users\/1"}],"replies":[{"embeddable":true,"href":"https:\/\/www.hoffmeister.com.br\/servicos\/wp-json\/wp\/v2\/comments?post=22"}],"version-history":[{"count":3,"href":"https:\/\/www.hoffmeister.com.br\/servicos\/wp-json\/wp\/v2\/pages\/22\/revisions"}],"predecessor-version":[{"id":90,"href":"https:\/\/www.hoffmeister.com.br\/servicos\/wp-json\/wp\/v2\/pages\/22\/revisions\/90"}],"wp:featuredmedia":[{"embeddable":true,"href":"https:\/\/www.hoffmeister.com.br\/servicos\/wp-json\/wp\/v2\/media\/59"}],"wp:attachment":[{"href":"https:\/\/www.hoffmeister.com.br\/servicos\/wp-json\/wp\/v2\/media?parent=22"}],"curies":[{"name":"wp","href":"https:\/\/api.w.org\/{rel}","templated":true}]}}