{"id":28,"date":"2011-09-29T17:36:55","date_gmt":"2011-09-29T20:36:55","guid":{"rendered":"https:\/\/www.hoffmeister.com.br\/servicos\/?page_id=28"},"modified":"2011-10-17T15:44:28","modified_gmt":"2011-10-17T18:44:28","slug":"ornamentacao","status":"publish","type":"page","link":"https:\/\/www.hoffmeister.com.br\/servicos\/ornamentacao","title":{"rendered":"Ornamenta\u00e7\u00e3o"},"content":{"rendered":"<p>A Funer\u00e1ria Hoffmeister possui diversas op\u00e7\u00f5es de ornamenta\u00e7\u00e3o em urna mortu\u00e1ria, como: Mantos de Flores Naturais, Mantos de Tecido, V\u00e9us e Len\u00e7os de Rosto.<\/p>\n","protected":false},"excerpt":{"rendered":"<p>A Funer\u00e1ria Hoffmeister possui diversas op\u00e7\u00f5es de ornamenta\u00e7\u00e3o em urna mortu\u00e1ria, como: Mantos de Flores Naturais, Mantos de Tecido, V\u00e9us e Len\u00e7os de Rosto.<\/p>\n","protected":false},"author":1,"featured_media":65,"parent":0,"menu_order":11,"comment_status":"closed","ping_status":"closed","template":"","meta":[],"_links":{"self":[{"href":"https:\/\/www.hoffmeister.com.br\/servicos\/wp-json\/wp\/v2\/pages\/28"}],"collection":[{"href":"https:\/\/www.hoffmeister.com.br\/servicos\/wp-json\/wp\/v2\/pages"}],"about":[{"href":"https:\/\/www.hoffmeister.com.br\/servicos\/wp-json\/wp\/v2\/types\/page"}],"author":[{"embeddable":true,"href":"https:\/\/www.hoffmeister.com.br\/servicos\/wp-json\/wp\/v2\/users\/1"}],"replies":[{"embeddable":true,"href":"https:\/\/www.hoffmeister.com.br\/servicos\/wp-json\/wp\/v2\/comments?post=28"}],"version-history":[{"count":5,"href":"https:\/\/www.hoffmeister.com.br\/servicos\/wp-json\/wp\/v2\/pages\/28\/revisions"}],"predecessor-version":[{"id":113,"href":"https:\/\/www.hoffmeister.com.br\/servicos\/wp-json\/wp\/v2\/pages\/28\/revisions\/113"}],"wp:featuredmedia":[{"embeddable":true,"href":"https:\/\/www.hoffmeister.com.br\/servicos\/wp-json\/wp\/v2\/media\/65"}],"wp:attachment":[{"href":"https:\/\/www.hoffmeister.com.br\/servicos\/wp-json\/wp\/v2\/media?parent=28"}],"curies":[{"name":"wp","href":"https:\/\/api.w.org\/{rel}","templated":true}]}}