{"id":34,"date":"2011-09-29T17:38:30","date_gmt":"2011-09-29T20:38:30","guid":{"rendered":"https:\/\/www.hoffmeister.com.br\/servicos\/?page_id=34"},"modified":"2011-10-03T10:03:53","modified_gmt":"2011-10-03T13:03:53","slug":"registro-em-cartorios","status":"publish","type":"page","link":"https:\/\/www.hoffmeister.com.br\/servicos\/registro-em-cartorios","title":{"rendered":"Registro em Cart\u00f3rios"},"content":{"rendered":"<p>Informa\u00e7\u00f5es e acompanhamento para todas as provid\u00eancias necess\u00e1rias para a realiza\u00e7\u00e3o do funeral.<\/p>\n","protected":false},"excerpt":{"rendered":"<p>Informa\u00e7\u00f5es e acompanhamento para todas as provid\u00eancias necess\u00e1rias para a realiza\u00e7\u00e3o do funeral.<\/p>\n","protected":false},"author":1,"featured_media":71,"parent":0,"menu_order":14,"comment_status":"closed","ping_status":"closed","template":"","meta":[],"_links":{"self":[{"href":"https:\/\/www.hoffmeister.com.br\/servicos\/wp-json\/wp\/v2\/pages\/34"}],"collection":[{"href":"https:\/\/www.hoffmeister.com.br\/servicos\/wp-json\/wp\/v2\/pages"}],"about":[{"href":"https:\/\/www.hoffmeister.com.br\/servicos\/wp-json\/wp\/v2\/types\/page"}],"author":[{"embeddable":true,"href":"https:\/\/www.hoffmeister.com.br\/servicos\/wp-json\/wp\/v2\/users\/1"}],"replies":[{"embeddable":true,"href":"https:\/\/www.hoffmeister.com.br\/servicos\/wp-json\/wp\/v2\/comments?post=34"}],"version-history":[{"count":4,"href":"https:\/\/www.hoffmeister.com.br\/servicos\/wp-json\/wp\/v2\/pages\/34\/revisions"}],"predecessor-version":[{"id":96,"href":"https:\/\/www.hoffmeister.com.br\/servicos\/wp-json\/wp\/v2\/pages\/34\/revisions\/96"}],"wp:featuredmedia":[{"embeddable":true,"href":"https:\/\/www.hoffmeister.com.br\/servicos\/wp-json\/wp\/v2\/media\/71"}],"wp:attachment":[{"href":"https:\/\/www.hoffmeister.com.br\/servicos\/wp-json\/wp\/v2\/media?parent=34"}],"curies":[{"name":"wp","href":"https:\/\/api.w.org\/{rel}","templated":true}]}}