{"id":38,"date":"2011-09-29T17:38:52","date_gmt":"2011-09-29T20:38:52","guid":{"rendered":"https:\/\/www.hoffmeister.com.br\/servicos\/?page_id=38"},"modified":"2012-04-26T14:32:03","modified_gmt":"2012-04-26T17:32:03","slug":"nossas-unidades","status":"publish","type":"page","link":"https:\/\/www.hoffmeister.com.br\/servicos\/nossas-unidades","title":{"rendered":"Nossas Unidades"},"content":{"rendered":"<p>Atrav\u00e9s de nosso site voc\u00ea pode visualizar os locais de atendimento da Hoffmeister Servi\u00e7os Funer\u00e1rios de forma muito simples e eficiente.<\/p>\n","protected":false},"excerpt":{"rendered":"<p>Atrav\u00e9s de nosso site voc\u00ea pode visualizar os locais de atendimento da Hoffmeister Servi\u00e7os Funer\u00e1rios de forma muito simples e eficiente.<\/p>\n","protected":false},"author":1,"featured_media":147,"parent":0,"menu_order":16,"comment_status":"closed","ping_status":"closed","template":"","meta":[],"_links":{"self":[{"href":"https:\/\/www.hoffmeister.com.br\/servicos\/wp-json\/wp\/v2\/pages\/38"}],"collection":[{"href":"https:\/\/www.hoffmeister.com.br\/servicos\/wp-json\/wp\/v2\/pages"}],"about":[{"href":"https:\/\/www.hoffmeister.com.br\/servicos\/wp-json\/wp\/v2\/types\/page"}],"author":[{"embeddable":true,"href":"https:\/\/www.hoffmeister.com.br\/servicos\/wp-json\/wp\/v2\/users\/1"}],"replies":[{"embeddable":true,"href":"https:\/\/www.hoffmeister.com.br\/servicos\/wp-json\/wp\/v2\/comments?post=38"}],"version-history":[{"count":5,"href":"https:\/\/www.hoffmeister.com.br\/servicos\/wp-json\/wp\/v2\/pages\/38\/revisions"}],"predecessor-version":[{"id":123,"href":"https:\/\/www.hoffmeister.com.br\/servicos\/wp-json\/wp\/v2\/pages\/38\/revisions\/123"}],"wp:featuredmedia":[{"embeddable":true,"href":"https:\/\/www.hoffmeister.com.br\/servicos\/wp-json\/wp\/v2\/media\/147"}],"wp:attachment":[{"href":"https:\/\/www.hoffmeister.com.br\/servicos\/wp-json\/wp\/v2\/media?parent=38"}],"curies":[{"name":"wp","href":"https:\/\/api.w.org\/{rel}","templated":true}]}}