{"id":40,"date":"2011-09-29T17:39:11","date_gmt":"2011-09-29T20:39:11","guid":{"rendered":"https:\/\/www.hoffmeister.com.br\/servicos\/?page_id=40"},"modified":"2011-10-17T15:45:22","modified_gmt":"2011-10-17T18:45:22","slug":"fale-conosco","status":"publish","type":"page","link":"https:\/\/www.hoffmeister.com.br\/servicos\/fale-conosco","title":{"rendered":"Fale Conosco"},"content":{"rendered":"<p>Em caso de qualquer necessidade de informa\u00e7\u00e3o seja ela de d\u00favida, sugest\u00e3o, cr\u00edtica ou agradecimento, apenas preencha corretamente os campos abaixo que em breve nossa equipe entrar\u00e1 em contato com voc\u00ea.<\/p>\n<div class=\"wpcf7\" id=\"wpcf7-f81-p40-o1\"><form action=\"\/servicos\/wp-json\/wp\/v2\/pages\/40#wpcf7-f81-p40-o1\" method=\"post\" class=\"wpcf7-form\">\n<div style=\"display: none;\">\n<input type=\"hidden\" name=\"_wpcf7\" value=\"81\" \/>\n<input type=\"hidden\" name=\"_wpcf7_version\" value=\"3.2\" \/>\n<input type=\"hidden\" name=\"_wpcf7_unit_tag\" value=\"wpcf7-f81-p40-o1\" \/>\n<input type=\"hidden\" name=\"_wpnonce\" value=\"7c03c83baa\" \/>\n<\/div>\n<p><span class=\"wpcf7-form-control-wrap land-nome\"><input type=\"text\" name=\"land-nome\" value=\"Seu Nome\" class=\"wpcf7-form-control wpcf7-text\" size=\"40\" \/><\/span><br \/>\n<span class=\"wpcf7-form-control-wrap land-mail\"><input type=\"text\" name=\"land-mail\" value=\"Seu Email\" class=\"wpcf7-form-control wpcf7-text wpcf7-email wpcf7-validates-as-required wpcf7-validates-as-email\" size=\"40\" \/><\/span><br \/>\n<span class=\"wpcf7-form-control-wrap land-fone\"><input type=\"text\" name=\"land-fone\" value=\"Seu Telefone (obrigat\u00f3rio)\" class=\"wpcf7-form-control wpcf7-text wpcf7-validates-as-required\" size=\"40\" \/><\/span><br \/>\n<span class=\"wpcf7-form-control-wrap land-ok-news\"><span class=\"wpcf7-form-control  wpcf7-checkbox\"><span class=\"wpcf7-list-item\"><input type=\"checkbox\" name=\"land-ok-news[]\" value=\"Desejo Receber Informa\u00e7\u00f5es da Hoffmeister por email.\" \/>&nbsp;<span class=\"wpcf7-list-item-label\">Desejo Receber Informa\u00e7\u00f5es da Hoffmeister por email.<\/span><\/span><\/span><\/span><br \/>\n<span class=\"wpcf7-form-control-wrap land-msg\"><textarea name=\"land-msg\" class=\"wpcf7-form-control  wpcf7-textarea wpcf7-validates-as-required\" cols=\"40\" rows=\"10\">Escreva aqui sua mensagem.<\/textarea><\/span><br \/>\n<input type=\"submit\" value=\"Enviar\" class=\"wpcf7-form-control  wpcf7-submit\" \/><\/p>\n<div class=\"wpcf7-response-output wpcf7-display-none\"><\/div><\/form><\/div>\n","protected":false},"excerpt":{"rendered":"<p>Em caso de qualquer necessidade de informa\u00e7\u00e3o seja ela de d\u00favida, sugest\u00e3o, cr\u00edtica ou agradecimento, apenas preencha corretamente os campos abaixo que em breve nossa&nbsp;&hellip;<\/p>\n","protected":false},"author":1,"featured_media":118,"parent":0,"menu_order":19,"comment_status":"closed","ping_status":"closed","template":"","meta":[],"_links":{"self":[{"href":"https:\/\/www.hoffmeister.com.br\/servicos\/wp-json\/wp\/v2\/pages\/40"}],"collection":[{"href":"https:\/\/www.hoffmeister.com.br\/servicos\/wp-json\/wp\/v2\/pages"}],"about":[{"href":"https:\/\/www.hoffmeister.com.br\/servicos\/wp-json\/wp\/v2\/types\/page"}],"author":[{"embeddable":true,"href":"https:\/\/www.hoffmeister.com.br\/servicos\/wp-json\/wp\/v2\/users\/1"}],"replies":[{"embeddable":true,"href":"https:\/\/www.hoffmeister.com.br\/servicos\/wp-json\/wp\/v2\/comments?post=40"}],"version-history":[{"count":7,"href":"https:\/\/www.hoffmeister.com.br\/servicos\/wp-json\/wp\/v2\/pages\/40\/revisions"}],"predecessor-version":[{"id":111,"href":"https:\/\/www.hoffmeister.com.br\/servicos\/wp-json\/wp\/v2\/pages\/40\/revisions\/111"}],"wp:featuredmedia":[{"embeddable":true,"href":"https:\/\/www.hoffmeister.com.br\/servicos\/wp-json\/wp\/v2\/media\/118"}],"wp:attachment":[{"href":"https:\/\/www.hoffmeister.com.br\/servicos\/wp-json\/wp\/v2\/media?parent=40"}],"curies":[{"name":"wp","href":"https:\/\/api.w.org\/{rel}","templated":true}]}}