{"id":7,"date":"2011-09-29T17:33:14","date_gmt":"2011-09-29T20:33:14","guid":{"rendered":"https:\/\/www.hoffmeister.com.br\/servicos\/?page_id=7"},"modified":"2011-10-17T15:53:31","modified_gmt":"2011-10-17T18:53:31","slug":"falecimentos","status":"publish","type":"page","link":"https:\/\/www.hoffmeister.com.br\/servicos\/falecimentos","title":{"rendered":"Falecimentos"},"content":{"rendered":"<p>Consulte atrav\u00e9s de nosso site em tempo real o obitu\u00e1rio com os atendimentos funer\u00e1rios prestados pela Hoffmeister Servi\u00e7os Funer\u00e1rios tendo todas informa\u00e7\u00f5es referentes ao falecido(a).<\/p>\n","protected":false},"excerpt":{"rendered":"<p>Consulte atrav\u00e9s de nosso site em tempo real o obitu\u00e1rio com os atendimentos funer\u00e1rios prestados pela Hoffmeister Servi\u00e7os Funer\u00e1rios tendo todas informa\u00e7\u00f5es referentes ao falecido(a).<\/p>\n","protected":false},"author":1,"featured_media":42,"parent":0,"menu_order":0,"comment_status":"closed","ping_status":"closed","template":"","meta":[],"_links":{"self":[{"href":"https:\/\/www.hoffmeister.com.br\/servicos\/wp-json\/wp\/v2\/pages\/7"}],"collection":[{"href":"https:\/\/www.hoffmeister.com.br\/servicos\/wp-json\/wp\/v2\/pages"}],"about":[{"href":"https:\/\/www.hoffmeister.com.br\/servicos\/wp-json\/wp\/v2\/types\/page"}],"author":[{"embeddable":true,"href":"https:\/\/www.hoffmeister.com.br\/servicos\/wp-json\/wp\/v2\/users\/1"}],"replies":[{"embeddable":true,"href":"https:\/\/www.hoffmeister.com.br\/servicos\/wp-json\/wp\/v2\/comments?post=7"}],"version-history":[{"count":4,"href":"https:\/\/www.hoffmeister.com.br\/servicos\/wp-json\/wp\/v2\/pages\/7\/revisions"}],"predecessor-version":[{"id":43,"href":"https:\/\/www.hoffmeister.com.br\/servicos\/wp-json\/wp\/v2\/pages\/7\/revisions\/43"}],"wp:featuredmedia":[{"embeddable":true,"href":"https:\/\/www.hoffmeister.com.br\/servicos\/wp-json\/wp\/v2\/media\/42"}],"wp:attachment":[{"href":"https:\/\/www.hoffmeister.com.br\/servicos\/wp-json\/wp\/v2\/media?parent=7"}],"curies":[{"name":"wp","href":"https:\/\/api.w.org\/{rel}","templated":true}]}}